{"id":175,"date":"2025-03-02T18:45:18","date_gmt":"2025-03-02T17:45:18","guid":{"rendered":"https:\/\/ecozzie.com\/?page_id=175"},"modified":"2025-09-01T09:50:20","modified_gmt":"2025-09-01T08:50:20","slug":"about-us","status":"publish","type":"page","link":"https:\/\/ecozzie.com\/es\/about-us\/","title":{"rendered":"Sobre Nosotros"},"content":{"rendered":"<div data-elementor-type=\"wp-page\" data-elementor-id=\"175\" class=\"elementor elementor-175\" data-elementor-post-type=\"page\">\n\t\t\t\t<div class=\"elementor-element elementor-element-632497a6 e-con-full e-flex e-con e-parent\" data-id=\"632497a6\" data-element_type=\"container\" data-e-type=\"container\">\n\t\t<div class=\"elementor-element elementor-element-e4bd3ac e-con-full e-flex e-con e-child\" data-id=\"e4bd3ac\" data-element_type=\"container\" data-e-type=\"container\">\n\t\t\t\t<div class=\"elementor-element elementor-element-28edc298 elementor-widget elementor-widget-heading\" data-id=\"28edc298\" data-element_type=\"widget\" data-e-type=\"widget\" data-widget_type=\"heading.default\">\n\t\t\t\t<div class=\"elementor-widget-container\">\n\t\t\t\t\t<h1 class=\"elementor-heading-title elementor-size-default\">Sobre nosotros<\/h1>\t\t\t\t<\/div>\n\t\t\t\t<\/div>\n\t\t\t\t<div class=\"elementor-element elementor-element-4aef0b28 elementor-widget elementor-widget-text-editor\" data-id=\"4aef0b28\" data-element_type=\"widget\" data-e-type=\"widget\" data-widget_type=\"text-editor.default\">\n\t\t\t\t<div class=\"elementor-widget-container\">\n\t\t\t\t\t\t\t\t\t<p data-start=\"267\" data-end=\"516\">Ecozzie naci\u00f3 en tiempos pand\u00e9micos como un proyecto acad\u00e9mico, creado inicialmente como un e-commerce sostenible y un lugar para compartir consejos sencillos y pr\u00e1cticos sobre c\u00f3mo cuidar el medio ambiente. Lo que empez\u00f3 como un trabajo universitario pronto se convirti\u00f3 en un proyecto personal lleno de pasi\u00f3n, que continu\u00f3 como blog en los a\u00f1os siguientes.<\/p><p data-start=\"518\" data-end=\"856\">Todo cambi\u00f3 cuando su fundadora empez\u00f3 su propio jard\u00edn. Al cuidar cada planta, descubri\u00f3 que no hab\u00eda una manera f\u00e1cil de registrar su evoluci\u00f3n. As\u00ed, Ecozzie pas\u00f3 de ser un blog a una herramienta digital que simplifica el cuidado de las plantas.<\/p><p data-start=\"858\" data-end=\"1140\">Hoy, Ecozzie es mucho m\u00e1s que un proyecto personal. Est\u00e1 creciendo como una plataforma para todas las personas que aman las plantas, desde quienes cultivan en su balc\u00f3n hasta escuelas y jardines bot\u00e1nicos. Nuestra misi\u00f3n es sencilla: facilitar el cuidado de las plantas, aprender de ellas y crecer juntos.<\/p>\t\t\t\t\t\t\t\t<\/div>\n\t\t\t\t<\/div>\n\t\t\t\t<\/div>\n\t\t<div class=\"elementor-element elementor-element-6108c4ca e-con-full e-flex e-con e-child\" data-id=\"6108c4ca\" data-element_type=\"container\" data-e-type=\"container\" data-settings=\"{&quot;background_background&quot;:&quot;classic&quot;}\">\n\t\t\t\t<div class=\"elementor-element elementor-element-1c841a8d elementor-widget elementor-widget-image\" data-id=\"1c841a8d\" data-element_type=\"widget\" data-e-type=\"widget\" data-widget_type=\"image.default\">\n\t\t\t\t<div class=\"elementor-widget-container\">\n\t\t\t\t\t\t\t\t\t\t\t\t\t\t\t<img fetchpriority=\"high\" decoding=\"async\" width=\"345\" height=\"418\" src=\"https:\/\/ecozzie.com\/wp-content\/uploads\/2025\/03\/Place-holder-about-4.jpg\" class=\"attachment-large size-large wp-image-178\" alt=\"\" srcset=\"https:\/\/ecozzie.com\/wp-content\/uploads\/2025\/03\/Place-holder-about-4.jpg 345w, https:\/\/ecozzie.com\/wp-content\/uploads\/2025\/03\/Place-holder-about-4-248x300.jpg 248w\" sizes=\"(max-width: 345px) 100vw, 345px\" \/>\t\t\t\t\t\t\t\t\t\t\t\t\t\t\t<\/div>\n\t\t\t\t<\/div>\n\t\t\t\t<\/div>\n\t\t\t\t<\/div>\n\t\t<div class=\"elementor-element elementor-element-5e62d291 e-flex e-con-boxed e-con e-parent\" data-id=\"5e62d291\" data-element_type=\"container\" data-e-type=\"container\">\n\t\t\t\t\t<div class=\"e-con-inner\">\n\t\t<div class=\"elementor-element elementor-element-1241465c e-con-full e-flex e-con e-child\" data-id=\"1241465c\" data-element_type=\"container\" data-e-type=\"container\">\n\t\t\t\t<div class=\"elementor-element elementor-element-58ba1bc5 elementor-widget elementor-widget-image\" data-id=\"58ba1bc5\" data-element_type=\"widget\" data-e-type=\"widget\" data-widget_type=\"image.default\">\n\t\t\t\t<div class=\"elementor-widget-container\">\n\t\t\t\t\t\t\t\t\t\t\t\t\t\t\t<img decoding=\"async\" width=\"572\" height=\"491\" src=\"https:\/\/ecozzie.com\/wp-content\/uploads\/2025\/03\/Img-About-3.jpg\" class=\"attachment-large size-large wp-image-179\" alt=\"\" srcset=\"https:\/\/ecozzie.com\/wp-content\/uploads\/2025\/03\/Img-About-3.jpg 572w, https:\/\/ecozzie.com\/wp-content\/uploads\/2025\/03\/Img-About-3-300x258.jpg 300w\" sizes=\"(max-width: 572px) 100vw, 572px\" \/>\t\t\t\t\t\t\t\t\t\t\t\t\t\t\t<\/div>\n\t\t\t\t<\/div>\n\t\t\t\t<\/div>\n\t\t<div class=\"elementor-element elementor-element-dcec4d0 e-con-full e-flex e-con e-child\" data-id=\"dcec4d0\" data-element_type=\"container\" data-e-type=\"container\">\n\t\t\t\t<div class=\"elementor-element elementor-element-4cf0bd92 elementor-widget elementor-widget-heading\" data-id=\"4cf0bd92\" data-element_type=\"widget\" data-e-type=\"widget\" data-widget_type=\"heading.default\">\n\t\t\t\t<div class=\"elementor-widget-container\">\n\t\t\t\t\t<h2 class=\"elementor-heading-title elementor-size-default\">Nuestra misi\u00f3n<\/h2>\t\t\t\t<\/div>\n\t\t\t\t<\/div>\n\t\t\t\t<div class=\"elementor-element elementor-element-20e3d4a2 elementor-widget elementor-widget-text-editor\" data-id=\"20e3d4a2\" data-element_type=\"widget\" data-e-type=\"widget\" data-widget_type=\"text-editor.default\">\n\t\t\t\t<div class=\"elementor-widget-container\">\n\t\t\t\t\t\t\t\t\t<p>Queremos que cuidar plantas sea f\u00e1cil, cercano y para todos. Ayudamos a las personas a conectar con ellas, aprender de su crecimiento y conservar su historia viva,Queremos que cuidar plantas sea f\u00e1cil, cercano y para todos. Ayudamos a las personas a conectar con ellas, aprender de su crecimiento y conservar su historia viva, desde peque\u00f1os balcones hasta grandes jardines bot\u00e1nicos.<\/p>\t\t\t\t\t\t\t\t<\/div>\n\t\t\t\t<\/div>\n\t\t\t\t<\/div>\n\t\t\t\t\t<\/div>\n\t\t\t\t<\/div>\n\t\t<div class=\"elementor-element elementor-element-79bb5645 e-flex e-con-boxed e-con e-parent\" data-id=\"79bb5645\" data-element_type=\"container\" data-e-type=\"container\">\n\t\t\t\t\t<div class=\"e-con-inner\">\n\t\t<div class=\"elementor-element elementor-element-1601fcb3 e-con-full e-flex e-con e-child\" data-id=\"1601fcb3\" data-element_type=\"container\" data-e-type=\"container\">\n\t\t\t\t<div class=\"elementor-element elementor-element-4a9f2473 elementor-widget elementor-widget-heading\" data-id=\"4a9f2473\" data-element_type=\"widget\" data-e-type=\"widget\" data-widget_type=\"heading.default\">\n\t\t\t\t<div class=\"elementor-widget-container\">\n\t\t\t\t\t<h2 class=\"elementor-heading-title elementor-size-default\">Nuestra visi\u00f3n<\/h2>\t\t\t\t<\/div>\n\t\t\t\t<\/div>\n\t\t\t\t<div class=\"elementor-element elementor-element-310235e5 elementor-widget elementor-widget-text-editor\" data-id=\"310235e5\" data-element_type=\"widget\" data-e-type=\"widget\" data-widget_type=\"text-editor.default\">\n\t\t\t\t<div class=\"elementor-widget-container\">\n\t\t\t\t\t\t\t\t\tNuestra visi\u00f3n es un mundo donde cada planta sea cuidada con conocimiento, amor y sostenibilidad. Un mundo que inspire a una nueva generaci\u00f3n de jardineros que cultiven no solo plantas, sino tambi\u00e9n conciencia, conexi\u00f3n y respeto por la naturaleza.\t\t\t\t\t\t\t\t<\/div>\n\t\t\t\t<\/div>\n\t\t\t\t<\/div>\n\t\t<div class=\"elementor-element elementor-element-bba3789 e-con-full e-flex e-con e-child\" data-id=\"bba3789\" data-element_type=\"container\" data-e-type=\"container\">\n\t\t\t\t<div class=\"elementor-element elementor-element-4d5a0cb3 elementor-widget elementor-widget-image\" data-id=\"4d5a0cb3\" data-element_type=\"widget\" data-e-type=\"widget\" data-widget_type=\"image.default\">\n\t\t\t\t<div class=\"elementor-widget-container\">\n\t\t\t\t\t\t\t\t\t\t\t\t\t\t\t<img decoding=\"async\" width=\"572\" height=\"491\" src=\"https:\/\/ecozzie.com\/wp-content\/uploads\/2025\/03\/Img-About-3.jpg\" class=\"attachment-large size-large wp-image-179\" alt=\"\" srcset=\"https:\/\/ecozzie.com\/wp-content\/uploads\/2025\/03\/Img-About-3.jpg 572w, https:\/\/ecozzie.com\/wp-content\/uploads\/2025\/03\/Img-About-3-300x258.jpg 300w\" sizes=\"(max-width: 572px) 100vw, 572px\" \/>\t\t\t\t\t\t\t\t\t\t\t\t\t\t\t<\/div>\n\t\t\t\t<\/div>\n\t\t\t\t<\/div>\n\t\t\t\t\t<\/div>\n\t\t\t\t<\/div>\n\t\t\t\t<\/div>","protected":false},"excerpt":{"rendered":"<p>About Us\u200b Ecozzie was born during the pandemic as an academic project, created to share simple and practical tips for caring for the environment. What began as coursework soon grew into a personal passion project that continued as a blog in the years after. The turning point came when our founder started her own garden. [&hellip;]<\/p>\n","protected":false},"author":1,"featured_media":0,"parent":0,"menu_order":0,"comment_status":"closed","ping_status":"closed","template":"elementor_header_footer","meta":{"_acf_changed":false,"footnotes":""},"class_list":["post-175","page","type-page","status-publish","hentry"],"acf":[],"yoast_head":"<!-- This site is optimized with the Yoast SEO plugin v27.4 - https:\/\/yoast.com\/product\/yoast-seo-wordpress\/ -->\n<title>About Us - Ecozzie<\/title>\n<meta name=\"robots\" content=\"index, follow, max-snippet:-1, max-image-preview:large, max-video-preview:-1\" \/>\n<link rel=\"canonical\" href=\"https:\/\/ecozzie.com\/es\/about-us\/\" \/>\n<meta property=\"og:locale\" content=\"es_ES\" \/>\n<meta property=\"og:type\" content=\"article\" \/>\n<meta property=\"og:title\" content=\"About Us - Ecozzie\" \/>\n<meta property=\"og:description\" content=\"About Us\u200b Ecozzie was born during the pandemic as an academic project, created to share simple and practical tips for caring for the environment. What began as coursework soon grew into a personal passion project that continued as a blog in the years after. The turning point came when our founder started her own garden. [&hellip;]\" \/>\n<meta property=\"og:url\" content=\"https:\/\/ecozzie.com\/es\/about-us\/\" \/>\n<meta property=\"og:site_name\" content=\"Ecozzie\" \/>\n<meta property=\"article:modified_time\" content=\"2025-09-01T08:50:20+00:00\" \/>\n<meta property=\"og:image\" content=\"https:\/\/ecozzie.com\/wp-content\/uploads\/2025\/03\/Place-holder-about-4.jpg\" \/>\n\t<meta property=\"og:image:width\" content=\"345\" \/>\n\t<meta property=\"og:image:height\" content=\"418\" \/>\n\t<meta property=\"og:image:type\" content=\"image\/jpeg\" \/>\n<meta name=\"twitter:card\" content=\"summary_large_image\" \/>\n<meta name=\"twitter:label1\" content=\"Tiempo de lectura\" \/>\n\t<meta name=\"twitter:data1\" content=\"2 minutos\" \/>\n<script type=\"application\/ld+json\" class=\"yoast-schema-graph\">{\"@context\":\"https:\\\/\\\/schema.org\",\"@graph\":[{\"@type\":\"WebPage\",\"@id\":\"https:\\\/\\\/ecozzie.com\\\/about-us\\\/\",\"url\":\"https:\\\/\\\/ecozzie.com\\\/about-us\\\/\",\"name\":\"About Us - Ecozzie\",\"isPartOf\":{\"@id\":\"https:\\\/\\\/ecozzie.com\\\/#website\"},\"primaryImageOfPage\":{\"@id\":\"https:\\\/\\\/ecozzie.com\\\/about-us\\\/#primaryimage\"},\"image\":{\"@id\":\"https:\\\/\\\/ecozzie.com\\\/about-us\\\/#primaryimage\"},\"thumbnailUrl\":\"https:\\\/\\\/ecozzie.com\\\/wp-content\\\/uploads\\\/2025\\\/03\\\/Place-holder-about-4.jpg\",\"datePublished\":\"2025-03-02T17:45:18+00:00\",\"dateModified\":\"2025-09-01T08:50:20+00:00\",\"breadcrumb\":{\"@id\":\"https:\\\/\\\/ecozzie.com\\\/about-us\\\/#breadcrumb\"},\"inLanguage\":\"es\",\"potentialAction\":[{\"@type\":\"ReadAction\",\"target\":[\"https:\\\/\\\/ecozzie.com\\\/about-us\\\/\"]}]},{\"@type\":\"ImageObject\",\"inLanguage\":\"es\",\"@id\":\"https:\\\/\\\/ecozzie.com\\\/about-us\\\/#primaryimage\",\"url\":\"https:\\\/\\\/ecozzie.com\\\/wp-content\\\/uploads\\\/2025\\\/03\\\/Place-holder-about-4.jpg\",\"contentUrl\":\"https:\\\/\\\/ecozzie.com\\\/wp-content\\\/uploads\\\/2025\\\/03\\\/Place-holder-about-4.jpg\"},{\"@type\":\"BreadcrumbList\",\"@id\":\"https:\\\/\\\/ecozzie.com\\\/about-us\\\/#breadcrumb\",\"itemListElement\":[{\"@type\":\"ListItem\",\"position\":1,\"name\":\"Home\",\"item\":\"https:\\\/\\\/ecozzie.com\\\/\"},{\"@type\":\"ListItem\",\"position\":2,\"name\":\"About Us\"}]},{\"@type\":\"WebSite\",\"@id\":\"https:\\\/\\\/ecozzie.com\\\/#website\",\"url\":\"https:\\\/\\\/ecozzie.com\\\/\",\"name\":\"Ecozzie\",\"description\":\"My balcony plants are still alive\",\"publisher\":{\"@id\":\"https:\\\/\\\/ecozzie.com\\\/#organization\"},\"potentialAction\":[{\"@type\":\"SearchAction\",\"target\":{\"@type\":\"EntryPoint\",\"urlTemplate\":\"https:\\\/\\\/ecozzie.com\\\/?s={search_term_string}\"},\"query-input\":{\"@type\":\"PropertyValueSpecification\",\"valueRequired\":true,\"valueName\":\"search_term_string\"}}],\"inLanguage\":\"es\"},{\"@type\":\"Organization\",\"@id\":\"https:\\\/\\\/ecozzie.com\\\/#organization\",\"name\":\"Ecozzie\",\"url\":\"https:\\\/\\\/ecozzie.com\\\/\",\"logo\":{\"@type\":\"ImageObject\",\"inLanguage\":\"es\",\"@id\":\"https:\\\/\\\/ecozzie.com\\\/#\\\/schema\\\/logo\\\/image\\\/\",\"url\":\"https:\\\/\\\/ecozzie.com\\\/wp-content\\\/uploads\\\/2025\\\/01\\\/ecozzie.png\",\"contentUrl\":\"https:\\\/\\\/ecozzie.com\\\/wp-content\\\/uploads\\\/2025\\\/01\\\/ecozzie.png\",\"width\":1500,\"height\":1500,\"caption\":\"Ecozzie\"},\"image\":{\"@id\":\"https:\\\/\\\/ecozzie.com\\\/#\\\/schema\\\/logo\\\/image\\\/\"},\"sameAs\":[\"https:\\\/\\\/www.instagram.com\\\/ecozziee\\\/\",\"https:\\\/\\\/pinterest.com\\\/ecozziee\\\/\"]}]}<\/script>\n<!-- \/ Yoast SEO plugin. -->","yoast_head_json":{"title":"About Us - Ecozzie","robots":{"index":"index","follow":"follow","max-snippet":"max-snippet:-1","max-image-preview":"max-image-preview:large","max-video-preview":"max-video-preview:-1"},"canonical":"https:\/\/ecozzie.com\/es\/about-us\/","og_locale":"es_ES","og_type":"article","og_title":"About Us - Ecozzie","og_description":"About Us\u200b Ecozzie was born during the pandemic as an academic project, created to share simple and practical tips for caring for the environment. What began as coursework soon grew into a personal passion project that continued as a blog in the years after. The turning point came when our founder started her own garden. [&hellip;]","og_url":"https:\/\/ecozzie.com\/es\/about-us\/","og_site_name":"Ecozzie","article_modified_time":"2025-09-01T08:50:20+00:00","og_image":[{"width":345,"height":418,"url":"https:\/\/ecozzie.com\/wp-content\/uploads\/2025\/03\/Place-holder-about-4.jpg","type":"image\/jpeg"}],"twitter_card":"summary_large_image","twitter_misc":{"Tiempo de lectura":"2 minutos"},"schema":{"@context":"https:\/\/schema.org","@graph":[{"@type":"WebPage","@id":"https:\/\/ecozzie.com\/about-us\/","url":"https:\/\/ecozzie.com\/about-us\/","name":"About Us - Ecozzie","isPartOf":{"@id":"https:\/\/ecozzie.com\/#website"},"primaryImageOfPage":{"@id":"https:\/\/ecozzie.com\/about-us\/#primaryimage"},"image":{"@id":"https:\/\/ecozzie.com\/about-us\/#primaryimage"},"thumbnailUrl":"https:\/\/ecozzie.com\/wp-content\/uploads\/2025\/03\/Place-holder-about-4.jpg","datePublished":"2025-03-02T17:45:18+00:00","dateModified":"2025-09-01T08:50:20+00:00","breadcrumb":{"@id":"https:\/\/ecozzie.com\/about-us\/#breadcrumb"},"inLanguage":"es","potentialAction":[{"@type":"ReadAction","target":["https:\/\/ecozzie.com\/about-us\/"]}]},{"@type":"ImageObject","inLanguage":"es","@id":"https:\/\/ecozzie.com\/about-us\/#primaryimage","url":"https:\/\/ecozzie.com\/wp-content\/uploads\/2025\/03\/Place-holder-about-4.jpg","contentUrl":"https:\/\/ecozzie.com\/wp-content\/uploads\/2025\/03\/Place-holder-about-4.jpg"},{"@type":"BreadcrumbList","@id":"https:\/\/ecozzie.com\/about-us\/#breadcrumb","itemListElement":[{"@type":"ListItem","position":1,"name":"Home","item":"https:\/\/ecozzie.com\/"},{"@type":"ListItem","position":2,"name":"About Us"}]},{"@type":"WebSite","@id":"https:\/\/ecozzie.com\/#website","url":"https:\/\/ecozzie.com\/","name":"Ecozzie","description":"My balcony plants are still alive","publisher":{"@id":"https:\/\/ecozzie.com\/#organization"},"potentialAction":[{"@type":"SearchAction","target":{"@type":"EntryPoint","urlTemplate":"https:\/\/ecozzie.com\/?s={search_term_string}"},"query-input":{"@type":"PropertyValueSpecification","valueRequired":true,"valueName":"search_term_string"}}],"inLanguage":"es"},{"@type":"Organization","@id":"https:\/\/ecozzie.com\/#organization","name":"Ecozzie","url":"https:\/\/ecozzie.com\/","logo":{"@type":"ImageObject","inLanguage":"es","@id":"https:\/\/ecozzie.com\/#\/schema\/logo\/image\/","url":"https:\/\/ecozzie.com\/wp-content\/uploads\/2025\/01\/ecozzie.png","contentUrl":"https:\/\/ecozzie.com\/wp-content\/uploads\/2025\/01\/ecozzie.png","width":1500,"height":1500,"caption":"Ecozzie"},"image":{"@id":"https:\/\/ecozzie.com\/#\/schema\/logo\/image\/"},"sameAs":["https:\/\/www.instagram.com\/ecozziee\/","https:\/\/pinterest.com\/ecozziee\/"]}]}},"_links":{"self":[{"href":"https:\/\/ecozzie.com\/es\/wp-json\/wp\/v2\/pages\/175","targetHints":{"allow":["GET"]}}],"collection":[{"href":"https:\/\/ecozzie.com\/es\/wp-json\/wp\/v2\/pages"}],"about":[{"href":"https:\/\/ecozzie.com\/es\/wp-json\/wp\/v2\/types\/page"}],"author":[{"embeddable":true,"href":"https:\/\/ecozzie.com\/es\/wp-json\/wp\/v2\/users\/1"}],"replies":[{"embeddable":true,"href":"https:\/\/ecozzie.com\/es\/wp-json\/wp\/v2\/comments?post=175"}],"version-history":[{"count":3,"href":"https:\/\/ecozzie.com\/es\/wp-json\/wp\/v2\/pages\/175\/revisions"}],"predecessor-version":[{"id":582,"href":"https:\/\/ecozzie.com\/es\/wp-json\/wp\/v2\/pages\/175\/revisions\/582"}],"wp:attachment":[{"href":"https:\/\/ecozzie.com\/es\/wp-json\/wp\/v2\/media?parent=175"}],"curies":[{"name":"wp","href":"https:\/\/api.w.org\/{rel}","templated":true}]}}